{"id":2,"date":"2013-09-01T14:37:42","date_gmt":"2013-09-01T14:37:42","guid":{"rendered":"http:\/\/cplorenzogoicoa.educacion.navarra.es\/blogs\/apyma\/?page_id=2"},"modified":"2013-12-10T11:27:29","modified_gmt":"2013-12-10T10:27:29","slug":"inicio","status":"publish","type":"page","link":"https:\/\/cplorenzogoicoa.educacion.navarra.es\/blogs\/apyma\/inicio\/","title":{"rendered":"Qui\u00e9nes somos"},"content":{"rendered":"<p><strong>Estimados padres y madres,<\/strong><\/p>\n<p>La APYMA es una asociaci\u00f3n compuesta por un grupo de padres y madres, representados por una Junta Directiva que, de forma voluntaria y gratuita, trabaja en colaboraci\u00f3n con el colegio.<\/p>\n<h2><strong>\u00bfQu\u00e9 hacemos?<\/strong><\/h2>\n<ul>\n<li><strong>Gestiona el comedor de los mi\u00e9rcoles, de junio y de septiembre,<\/strong>\u00a0es decir, contratar, controlar las asistencias, mantener al d\u00eda los pagos y, sobre todo, un di\u00e1logo continuo entre los trabajadores del centro, las familias y la empresa proveedora del servicio.<\/li>\n<li><strong>Gestiona las actividades extraescolares<\/strong>: la comisi\u00f3n de extraescolares de la APYMA busca empresas proveedoras, analiza la oferta y la demanda y coordina el servicio. Por supuesto, realiza un seguimiento y control durante todo el curso.<\/li>\n<li><strong>Gesti\u00f3n y organizaci\u00f3n de fiestas:<\/strong>\u00a0la APYMA organiza:<br \/>\n&#8211;\u00a0\u00a0 \u00a0el D\u00eda del Libro: compra libros para el colegio, convoca a los Cuenta- cuentos.<br \/>\n&#8211;\u00a0\u00a0 \u00a0la Fiesta de Fin de Curso de la APYMA: contrata y paga los hinchables, realiza el taller de maquillaje de caras, el de collares, el de m\u00e1scaras, el sorteo&#8230;<br \/>\n&#8211;\u00a0\u00a0 \u00a0la Chocolatada de Halloween.<br \/>\n&#8211;\u00a0\u00a0\u00a0 La APYMA colabora en la Fiesta de Navidad.<\/li>\n<li><strong>Relaciones con otros \u00f3rganos y entidades<\/strong>:<br \/>\n&#8211;\u00a0\u00a0 \u00a0La APYMA participa directamente en el \u00f3rgano de toma de decisiones del colegio: el Consejo Escolar.<br \/>\n&#8211;\u00a0\u00a0 \u00a0Participa en la Comisi\u00f3n de Convivencia del colegio.<br \/>\n&#8211;\u00a0\u00a0 \u00a0Colabora con el Ayuntamiento en la mesa de trabajo de la Escuela de Padres.<br \/>\n&#8211;\u00a0\u00a0 \u00a0Participa activamente en el Foro Intercultural del Ayuntamiento.<br \/>\n&#8211;\u00a0\u00a0 \u00a0Con el Servicio Social de Base, en la organizaci\u00f3n de la Muestra de Juguetes.<br \/>\n&#8211;\u00a0\u00a0 \u00a0Con el Grupo de Trabajo del Ayuntamiento sobre Prevenci\u00f3n Escolar.<br \/>\n&#8211;\u00a0\u00a0 \u00a0La APYMA organiza la Formaci\u00f3n para Padres y Madres, en forma de charlas de inter\u00e9s sobre temas diversos.<br \/>\n&#8211;\u00a0\u00a0 \u00a0Pertenecemos a la Federaci\u00f3n de APYMAS de Colegios British-TIL-A. Nos permite estar al d\u00eda de lo que ocurre, como el tema actual del fin del convenio con el British Council; y realizamos actividades conjuntas en ingl\u00e9s: Festival Halloween, actuaciones en ingl\u00e9s a precio reducido, etc.<br \/>\n&#8211;\u00a0\u00a0 \u00a0Pertenecemos a Herrikoa, compuesta por las APYMAS de los colegios p\u00fa-blicos con modelo A, nos asesora de los aspectos legales y nos informa de las normativas vigentes de educaci\u00f3n.<\/li>\n<li><strong>Gesti\u00f3n de los ch\u00e1ndales<\/strong>: la APYMA busca, controla los pedidos, los pagos, las entregas, hace las reclamaciones pertinentes y los arreglos de los ch\u00e1ndals.<\/li>\n<\/ul>\n<h2><strong>\u00bfC\u00f3mo puedo colaborar?<\/strong><\/h2>\n<p>NECESITAMOS PADRES QUE EST\u00c9N DISPUESTOS A DEDICAR PARTE DE SU TIEMPO EN TRATAR DE MEJORAR NUESTRO COLEGIO, VEN A NUESTRAS REUNIONES Y PON TU GRANITO DE ARENA.<\/p>\n<p>Hay muchas formas de colaborar con la Apyma:<\/p>\n<ul>\n<li>Hay padres que prefieren colaborar activamente en la Junta Directiva, dando su opini\u00f3n y trabajando en los proyectos que llevamos. Para ello, es necesario que te pongas en contacto con nosotros, acude a una de nuestras reuniones y si decides formar parte activa, te recibiremos con los brazos abiertos.<\/li>\n<\/ul>\n<p>&nbsp;<\/p>\n<ul>\n<li>Otros padres prefieren participar de forma puntual en las actividades que se realizan en el Colegio. Para ello ponte en contacto con nosotros, presencialmente, por tel\u00e9fono, mail, o dej\u00e1ndonos una nota. Facil\u00edtanos tu nombre, tel\u00e9fono y las actividades en las que te gustar\u00eda participar y nosotros nos pondremos en contacto contigo.<\/li>\n<\/ul>\n<p>&nbsp;<\/p>\n<ul>\n<li>HACI\u00c9NDOTE SOCIO DE LA APYMA: la cuota anual de la APYMA son 25\u20ac por familia para todo el a\u00f1o. \u00daNICAMENTE los socios de la APYMA podr\u00e1n participar en las actividades organizadas desde la APYMA y ser beneficiados de diferentes subvenciones en la participaci\u00f3n de las actividades que se organicen.<\/li>\n<\/ul>\n<p>Pod\u00e9is realizar un ingreso en la cuenta n\u00famero:<\/p>\n<h2>CAIXA 2100 5263 18 2100547118<\/h2>\n<p>Indicando claramente los APELLIDOS de la familia.<\/p>\n<p>De una forma u otra, os agradeceremos vuestra participaci\u00f3n, nunca viene mal un poco de ayuda.<\/p>\n<p>&nbsp;<\/p>\n","protected":false},"excerpt":{"rendered":"<p>Estimados padres y madres, La APYMA es una asociaci\u00f3n compuesta por un grupo de padres y madres, representados por una Junta Directiva que, de forma voluntaria y gratuita, trabaja en colaboraci\u00f3n con el colegio. \u00bfQu\u00e9 hacemos? Gestiona el comedor de los mi\u00e9rcoles, de junio y de septiembre,\u00a0es decir, contratar, controlar las asistencias, mantener al d\u00eda &hellip; <a href=\"https:\/\/cplorenzogoicoa.educacion.navarra.es\/blogs\/apyma\/inicio\/\" class=\"more-link\">Seguir leyendo <span class=\"screen-reader-text\">Qui\u00e9nes somos<\/span> <span class=\"meta-nav\">&rarr;<\/span><\/a><\/p>\n","protected":false},"author":18,"featured_media":0,"parent":0,"menu_order":0,"comment_status":"open","ping_status":"open","template":"","meta":[],"_links":{"self":[{"href":"https:\/\/cplorenzogoicoa.educacion.navarra.es\/blogs\/apyma\/wp-json\/wp\/v2\/pages\/2"}],"collection":[{"href":"https:\/\/cplorenzogoicoa.educacion.navarra.es\/blogs\/apyma\/wp-json\/wp\/v2\/pages"}],"about":[{"href":"https:\/\/cplorenzogoicoa.educacion.navarra.es\/blogs\/apyma\/wp-json\/wp\/v2\/types\/page"}],"author":[{"embeddable":true,"href":"https:\/\/cplorenzogoicoa.educacion.navarra.es\/blogs\/apyma\/wp-json\/wp\/v2\/users\/18"}],"replies":[{"embeddable":true,"href":"https:\/\/cplorenzogoicoa.educacion.navarra.es\/blogs\/apyma\/wp-json\/wp\/v2\/comments?post=2"}],"version-history":[{"count":4,"href":"https:\/\/cplorenzogoicoa.educacion.navarra.es\/blogs\/apyma\/wp-json\/wp\/v2\/pages\/2\/revisions"}],"predecessor-version":[{"id":215,"href":"https:\/\/cplorenzogoicoa.educacion.navarra.es\/blogs\/apyma\/wp-json\/wp\/v2\/pages\/2\/revisions\/215"}],"wp:attachment":[{"href":"https:\/\/cplorenzogoicoa.educacion.navarra.es\/blogs\/apyma\/wp-json\/wp\/v2\/media?parent=2"}],"curies":[{"name":"wp","href":"https:\/\/api.w.org\/{rel}","templated":true}]}}