{"id":74,"date":"2013-09-30T22:08:00","date_gmt":"2013-09-30T22:08:00","guid":{"rendered":"http:\/\/cplorenzogoicoa.educacion.navarra.es\/blogs\/apyma\/?page_id=74"},"modified":"2013-09-30T22:10:21","modified_gmt":"2013-09-30T22:10:21","slug":"apyma-2011-2012","status":"publish","type":"page","link":"https:\/\/cplorenzogoicoa.educacion.navarra.es\/blogs\/apyma\/apyma-2011-2012\/","title":{"rendered":"Apyma 2011-2012"},"content":{"rendered":"<h1><a href=\"http:\/\/cplorenzogoicoa.educacion.navarra.es\/revista\/blogs\/index.php\/Apyma\/quienes-somos-y-que-hacemos\">\u00bfQUI\u00c9NES SOMOS Y QU\u00c9 HACEMOS?<\/a><\/h1>\n<div>\n<div>\n<div>\n<p><a href=\"http:\/\/cplorenzogoicoa.educacion.navarra.es\/revista\/blogs\/media\/blogs\/Apyma\/DIPTICO%20APYMA.indd.pdf?mtime=1363300049\" target=\"_blank\"><img loading=\"lazy\" alt=\"\" src=\"http:\/\/cplorenzogoicoa.educacion.navarra.es\/revista\/blogs\/media\/blogs\/Apyma\/diptico-apyma.png?mtime=1353064498\" width=\"244\" height=\"291\" \/><\/a><a href=\"http:\/\/cplorenzogoicoa.educacion.navarra.es\/revista\/blogs\/media\/blogs\/Apyma\/DIPTICO%20APYMA.indd.pdf?mtime=1363300049\" target=\"_blank\">VENTAJAS POR SER SOCIOS DE LA APYMA<\/a><\/p>\n<\/div>\n<\/div>\n<\/div>\n<div>Posted under <a title=\"Navegar categor\u00eda\" href=\"http:\/\/cplorenzogoicoa.educacion.navarra.es\/revista\/blogs\/index.php\/Apyma\/apyma-main-1\/\">Sin categor\u00edas<\/a> on 11.6.2012 \u2022 <a title=\"Mostrar opini\u00f3n \/ Dejar un comentario\" href=\"http:\/\/cplorenzogoicoa.educacion.navarra.es\/revista\/blogs\/index.php\/Apyma\/quienes-somos-y-que-hacemos#feedbacks\">Enviar opini\u00f3n \u00bb<\/a> \u2022 <a title=\"V\u00ednculo permanente a la publicaci\u00f3n completa\" href=\"http:\/\/cplorenzogoicoa.educacion.navarra.es\/revista\/blogs\/index.php\/Apyma\/quienes-somos-y-que-hacemos\"><img loading=\"lazy\" alt=\"Permalink\" src=\"http:\/\/cplorenzogoicoa.educacion.navarra.es\/revista\/blogs\/rsc\/icons\/minipost.gif\" width=\"11\" height=\"13\" align=\"top\" border=\"0\" \/>Permalink<\/a><\/div>\n<div><\/div>\n<div>\n<h1><a href=\"http:\/\/cplorenzogoicoa.educacion.navarra.es\/revista\/blogs\/index.php\/Apyma\/gracias-a-todos-y-todas\">GRACIAS A TODOS Y TODAS<\/a><\/h1>\n<div>\n<div>\n<div>\n<p>MUCHAS GRACIAS A TODOS\/AS MADRES Y PADRES QUE HABEIS COLABORADO<\/p>\n<p>EN LOS TURNOS DE BARRA DE LA TXOSNA<\/p>\n<p><img loading=\"lazy\" alt=\"\" src=\"http:\/\/cplorenzogoicoa.educacion.navarra.es\/revista\/blogs\/media\/blogs\/Apyma\/txozna.JPG?mtime=1353063167\" width=\"239\" height=\"177\" \/><\/p>\n<p>GRACIAS TAMBIEN\u00a0 A LOS INCONDICIONALES<\/p>\n<p>QUE HAN ESTADO AL OTRO LADO CONSUMIENDO<\/p>\n<p>EL A\u00d1O QUE VIENE MAS Y MEJOR<\/p>\n<\/div>\n<\/div>\n<\/div>\n<div>Posted under <a title=\"Navegar categor\u00eda\" href=\"http:\/\/cplorenzogoicoa.educacion.navarra.es\/revista\/blogs\/index.php\/Apyma\/apyma-main-1\/\">Sin categor\u00edas<\/a> on 10.19.2012 \u2022 <a title=\"Mostrar opini\u00f3n \/ Dejar un comentario\" href=\"http:\/\/cplorenzogoicoa.educacion.navarra.es\/revista\/blogs\/index.php\/Apyma\/gracias-a-todos-y-todas#feedbacks\">Enviar opini\u00f3n \u00bb<\/a> \u2022 <a title=\"V\u00ednculo permanente a la publicaci\u00f3n completa\" href=\"http:\/\/cplorenzogoicoa.educacion.navarra.es\/revista\/blogs\/index.php\/Apyma\/gracias-a-todos-y-todas\"><img loading=\"lazy\" alt=\"Permalink\" src=\"http:\/\/cplorenzogoicoa.educacion.navarra.es\/revista\/blogs\/rsc\/icons\/minipost.gif\" width=\"11\" height=\"13\" align=\"top\" border=\"0\" \/>Permalink<\/a><\/div>\n<div id=\"item_192\" lang=\"es-ES\">\n<div>\n<h1><a href=\"http:\/\/cplorenzogoicoa.educacion.navarra.es\/revista\/blogs\/index.php\/Apyma\/fiesta-de-la-apyma-23\">FIESTA DE LA APYMA 23 DE JUNIO<\/a><\/h1>\n<div>\n<div>\n<div>\n<p>EL ULTIMO SABADO 23 DE JUNIO DE\u00a0 11 A 14 h ESTAREMOS EN EL PATIO DEL COLEGIO:<\/p>\n<p>CON HINCHABLES , TALLERES , MUSICA, LUDOTECA &#8230;&#8230;.<\/p>\n<p>REPARTIENDO PINTXO TXISTORRA O PANCETA +\u00a0BEBIDA Y BOLETO PARA EL SORTEO POR 2\u20ac<\/p>\n<p>TRAS ESTO A LAS 14h COMIDA POPULAR (SI OS \u00a0APUNTAIS ANTES DEL DIA 8)<\/p>\n<p>OS ANIMAMOS A PARTICIPIAR Y DISFRUTAR DE UNA MA\u00d1ANA EN FAMILIA<\/p>\n<\/div>\n<\/div>\n<\/div>\n<div>Posted under <a title=\"Navegar categor\u00eda\" href=\"http:\/\/cplorenzogoicoa.educacion.navarra.es\/revista\/blogs\/index.php\/Apyma\/apyma-main-1\/\">Sin categor\u00edas<\/a> on 06.5.2012 \u2022 <a title=\"Mostrar opini\u00f3n \/ Dejar un comentario\" href=\"http:\/\/cplorenzogoicoa.educacion.navarra.es\/revista\/blogs\/index.php\/Apyma\/fiesta-de-la-apyma-23#feedbacks\">1 opini\u00f3n \u00bb<\/a> \u2022 <a title=\"V\u00ednculo permanente a la publicaci\u00f3n completa\" href=\"http:\/\/cplorenzogoicoa.educacion.navarra.es\/revista\/blogs\/index.php\/Apyma\/fiesta-de-la-apyma-23\"><img loading=\"lazy\" alt=\"Permalink\" src=\"http:\/\/cplorenzogoicoa.educacion.navarra.es\/revista\/blogs\/rsc\/icons\/minipost.gif\" width=\"11\" height=\"13\" align=\"top\" border=\"0\" \/>Permalink<\/a><\/div>\n<\/div>\n<\/div>\n<div id=\"item_182\" lang=\"es-ES\">\n<div>\n<h1><a href=\"http:\/\/cplorenzogoicoa.educacion.navarra.es\/revista\/blogs\/index.php\/Apyma\/dia-del-libro\">\u00bb DIA DEL LIBRO\u00bb VIERNES 27 ABRIL<\/a><\/h1>\n<div>\n<div>\n<div>\n<p>Queridas familias:<\/p>\n<p>Como en a\u00f1os anteriores la Asociaci\u00f3n de padres junto con el Colegio, vamos a celebrar el <strong>pr\u00f3ximo VIERNES DIA 27 DE ABRIL<\/strong>, en el horario de tarde, despu\u00e9s de comer los ni\u00f1os, una jornada festiva para celebrar el <strong>\u201cD\u00eda del libro\u201d<\/strong><\/p>\n<p>Esta es una actividad que la APYMA venimos realizando desde hace varios a\u00f1os y cuyo objetivo es el fomento y la animaci\u00f3n de nuestros hijos a la lectura.<\/p>\n<p>Queremos explicaros como vamos a desarrollar la jornada, sobre todo para los que est\u00e1is por primer a\u00f1o en el Centro.<\/p>\n<p>Para los alumnos de <strong>Infantil<\/strong>, tenemos previsto durante la tarde, en la biblioteca del Centro,\u00a0 <strong>lectura de cuentos en voz alta<\/strong>, por parte de padres voluntarios.<\/p>\n<p>Para los alumnos de <strong>Primaria<\/strong> realizaremos un <strong>Trueque de libros, \u201clibros que cambian de manos\u201d<\/strong>. Esta actividad consiste en un intercambio de libros entre nuestros hijos, y para ello deben entregar al tutor uno o dos libros (m\u00e1ximo) <strong>PARA EL MI\u00c9RCOLES 25,<\/strong> que ya hayan le\u00eddo, que sean propios de su edad y se encuentren en buenas condiciones. No hace falta comprar ning\u00fan libro nuevo.<\/p>\n<p>El tutor a la entrega del libro les dar\u00e1 un\u201d vale\u201d, para que el pr\u00f3ximo d\u00eda 27, lo puedan canjear por un nuevo libro de otro compa\u00f1ero.<\/p>\n<p>A esta actividad de <strong>Trueque de libros<\/strong>, <strong>os invitamos a participar<\/strong><strong> a padres y profesores.<\/strong> Para ello, pod\u00e9is entregar el libro y recoger el vale para canjearlo en esta jornada, en la secretar\u00eda\u00a0 del Colegio o el mismo d\u00eda.<\/p>\n<p>Tambi\u00e9n comunicaros que los alumnos de 1\u00ba y 2\u00ba ciclo de Primaria est\u00e1n realizando trabajos para\u00a0 participar en el <strong>\u201cConcurso de cuentos\u201d, <\/strong>que tambi\u00e9n organizamos desde la APYMA y que ser\u00e1 en esta jornada cuando realizaremos la entrega de premios y lectura de los mejores trabajos.<\/p>\n<p>No nos queda m\u00e1s que animaros a participar a vosotros y vuestros hijos, el pr\u00f3ximo d\u00eda <strong>VIERNES 27 DE ABRIL A PARTIR 3:30h<\/strong> de la tarde, en esta fiesta de animaci\u00f3n a la lectura.<\/p>\n<\/div>\n<\/div>\n<\/div>\n<div>Posted under <a title=\"Navegar categor\u00eda\" href=\"http:\/\/cplorenzogoicoa.educacion.navarra.es\/revista\/blogs\/index.php\/Apyma\/apyma-main-1\/\">Sin categor\u00edas<\/a> on 04.22.2012 \u2022 <a title=\"Mostrar opini\u00f3n \/ Dejar un comentario\" href=\"http:\/\/cplorenzogoicoa.educacion.navarra.es\/revista\/blogs\/index.php\/Apyma\/dia-del-libro#feedbacks\">Enviar opini\u00f3n \u00bb<\/a> \u2022 <a title=\"V\u00ednculo permanente a la publicaci\u00f3n completa\" href=\"http:\/\/cplorenzogoicoa.educacion.navarra.es\/revista\/blogs\/index.php\/Apyma\/dia-del-libro\"><img loading=\"lazy\" alt=\"Permalink\" src=\"http:\/\/cplorenzogoicoa.educacion.navarra.es\/revista\/blogs\/rsc\/icons\/minipost.gif\" width=\"11\" height=\"13\" align=\"top\" border=\"0\" \/>Permalink<\/a><\/div>\n<\/div>\n<\/div>\n<div id=\"item_158\" lang=\"es-ES\">\n<div>\n<h1><a href=\"http:\/\/cplorenzogoicoa.educacion.navarra.es\/revista\/blogs\/index.php\/Apyma\/proxima-fiesta-de-carnaval\">Pr\u00f3xima Fiesta de Carnaval<\/a><\/h1>\n<div>\n<div>\n<div>\n<p>Hola a todos!<\/p>\n<p>El pr\u00f3ximo viernes d\u00eda 17 se celebrar\u00e1 en el cole la Fiesta de Carnaval. Como novedad principal de este a\u00f1o, las actuaciones ser\u00e1n \u00a0en \u00a0el Polideportivo Hnos Miguel Indurain a partir de las once de la ma\u00f1ana.<\/p>\n<p>Igual que en el Festival de Navidad, la Apyma del colegio ofrecer\u00e1 caf\u00e9 y bizcocho al \u00a0precio de 1 euro. Todo el dinero recaudado lo necesitamos para seguir funcionando.<\/p>\n<p>Os esperamos a todos!!!!!<\/p>\n<\/div>\n<\/div>\n<\/div>\n<div>Posted under <a title=\"Navegar categor\u00eda\" href=\"http:\/\/cplorenzogoicoa.educacion.navarra.es\/revista\/blogs\/index.php\/Apyma\/apyma-main-1\/\">Sin categor\u00edas<\/a> on 02.14.2012 \u2022 <a title=\"Mostrar opini\u00f3n \/ Dejar un comentario\" href=\"http:\/\/cplorenzogoicoa.educacion.navarra.es\/revista\/blogs\/index.php\/Apyma\/proxima-fiesta-de-carnaval#feedbacks\">Enviar opini\u00f3n \u00bb<\/a> \u2022 <a title=\"V\u00ednculo permanente a la publicaci\u00f3n completa\" href=\"http:\/\/cplorenzogoicoa.educacion.navarra.es\/revista\/blogs\/index.php\/Apyma\/proxima-fiesta-de-carnaval\"><img loading=\"lazy\" alt=\"Permalink\" src=\"http:\/\/cplorenzogoicoa.educacion.navarra.es\/revista\/blogs\/rsc\/icons\/minipost.gif\" width=\"11\" height=\"13\" align=\"top\" border=\"0\" \/>Permalink<\/a><\/div>\n<\/div>\n<\/div>\n<div id=\"item_136\" lang=\"es-ES\">\n<div>\n<h1><a href=\"http:\/\/cplorenzogoicoa.educacion.navarra.es\/revista\/blogs\/index.php\/Apyma\/junta-general-curso-2011-12\">JUNTA GENERAL CURSO 2011-12<\/a><\/h1>\n<div>\n<div>\n<div>\n<p>Queridas Familias<\/p>\n<p>La Asamblea Anual\u00a0 de la Apyma Lorenzo Goicoa se celebrar\u00e1 este a\u00f1o:<\/p>\n<p>D\u00eda: VIERNES 03 de\u00a0Febrero de 2012.<\/p>\n<p>Hora: A las 16:30 (1\u00aa convocatoria) 16:45 (2\u00aa convocatoria)<\/p>\n<p>Lugar: Aula de m\u00fasica del Colegio<\/p>\n<p>Orden del d\u00eda:<\/p>\n<p>Presentaci\u00f3n memoria de actividades y balance cuentas 2010-11<\/p>\n<p>Participaci\u00f3n en la Federaci\u00f3n British<\/p>\n<p>Renovaci\u00f3n Junta Apyma<\/p>\n<p>Actividades extraescolares y Guarder\u00eda<\/p>\n<p>Avisos: Escuela de Padres, Talleres Interculturales, Muestra de juguetes,<\/p>\n<p>Socios Apyma, Nataci\u00f3n, Nuevas Propuestas de este curso<\/p>\n<p>Traslado ubicaci\u00f3n APYMA y forma de contacto<\/p>\n<p>Ruegos y Preguntas<\/p>\n<p>Necesitamos vuestra participaci\u00f3n, por lo que os esperamos a todos.<\/p>\n<p>Nota: Habr\u00e1 Servicio de Guarder\u00eda ( aula psicomotricidad)<\/p>\n<p>Best Regards<\/p>\n<p>La Junta de la APYMA<\/p>\n<\/div>\n<\/div>\n<\/div>\n<\/div>\n<\/div>\n<\/div>\n","protected":false},"excerpt":{"rendered":"<p>\u00bfQUI\u00c9NES SOMOS Y QU\u00c9 HACEMOS? VENTAJAS POR SER SOCIOS DE LA APYMA Posted under Sin categor\u00edas on 11.6.2012 \u2022 Enviar opini\u00f3n \u00bb \u2022 Permalink GRACIAS A TODOS Y TODAS MUCHAS GRACIAS A TODOS\/AS MADRES Y PADRES QUE HABEIS COLABORADO EN LOS TURNOS DE BARRA DE LA TXOSNA GRACIAS TAMBIEN\u00a0 A LOS INCONDICIONALES QUE HAN ESTADO &hellip; <a href=\"https:\/\/cplorenzogoicoa.educacion.navarra.es\/blogs\/apyma\/apyma-2011-2012\/\" class=\"more-link\">Seguir leyendo <span class=\"screen-reader-text\">Apyma 2011-2012<\/span> <span class=\"meta-nav\">&rarr;<\/span><\/a><\/p>\n","protected":false},"author":18,"featured_media":0,"parent":0,"menu_order":0,"comment_status":"open","ping_status":"open","template":"","meta":[],"_links":{"self":[{"href":"https:\/\/cplorenzogoicoa.educacion.navarra.es\/blogs\/apyma\/wp-json\/wp\/v2\/pages\/74"}],"collection":[{"href":"https:\/\/cplorenzogoicoa.educacion.navarra.es\/blogs\/apyma\/wp-json\/wp\/v2\/pages"}],"about":[{"href":"https:\/\/cplorenzogoicoa.educacion.navarra.es\/blogs\/apyma\/wp-json\/wp\/v2\/types\/page"}],"author":[{"embeddable":true,"href":"https:\/\/cplorenzogoicoa.educacion.navarra.es\/blogs\/apyma\/wp-json\/wp\/v2\/users\/18"}],"replies":[{"embeddable":true,"href":"https:\/\/cplorenzogoicoa.educacion.navarra.es\/blogs\/apyma\/wp-json\/wp\/v2\/comments?post=74"}],"version-history":[{"count":2,"href":"https:\/\/cplorenzogoicoa.educacion.navarra.es\/blogs\/apyma\/wp-json\/wp\/v2\/pages\/74\/revisions"}],"predecessor-version":[{"id":79,"href":"https:\/\/cplorenzogoicoa.educacion.navarra.es\/blogs\/apyma\/wp-json\/wp\/v2\/pages\/74\/revisions\/79"}],"wp:attachment":[{"href":"https:\/\/cplorenzogoicoa.educacion.navarra.es\/blogs\/apyma\/wp-json\/wp\/v2\/media?parent=74"}],"curies":[{"name":"wp","href":"https:\/\/api.w.org\/{rel}","templated":true}]}}