{"id":10440,"date":"2023-09-18T11:22:47","date_gmt":"2023-09-18T09:22:47","guid":{"rendered":"https:\/\/cplorenzogoicoa.educacion.navarra.es\/blogs\/?page_id=10440"},"modified":"2023-09-18T14:18:37","modified_gmt":"2023-09-18T12:18:37","slug":"autorizaciones-salida-recinto-escolar","status":"publish","type":"page","link":"https:\/\/cplorenzogoicoa.educacion.navarra.es\/blogs\/tablon-de-anuncios\/autorizaciones-salida-recinto-escolar\/","title":{"rendered":"Autorizaciones salida recinto escolar"},"content":{"rendered":"\n<p><\/p>\n\n\n\n<p>A trav\u00e9s de este documento, que se formaliza mediante un formulario, las familias o personas tutoras legales podr\u00e1n autorizar a los y las menores a su cargo a salir del colegio al finalizar la jornada de dos formas:<\/p>\n\n\n\n<p>&#8211; SOLOS O SOLAS (a partir de 4\u00baEP)<\/p>\n\n\n\n<p><br>&#8211; EN COMPA\u00d1\u00cdA de una persona  diferente a la persona habitual de recogida. La persona autorizada <strong>deber\u00e1 ser mayor de edad<\/strong>.<\/p>\n\n\n\n<div class=\"wp-container-1 wp-block-buttons\">\n<div class=\"wp-block-button\"><a class=\"wp-block-button__link\" href=\"https:\/\/forms.gle\/V4Qna3RTsZPnvAmw7\" target=\"_blank\" rel=\"noreferrer noopener\">ACCESO AL FORMULARIO<\/a><\/div>\n<\/div>\n\n\n\n<p><\/p>\n\n\n\n<p><strong>**Habr\u00e1 que realizar un formulario por cada hijo o hija.<\/strong><\/p>\n\n\n\n<p><strong>** AL RELLENAR ESTE FORMULARIO SE ANULAN LAS AUTORIZACIONES ANTERIORES. ES NECESARIO A\u00d1ADIR A TODAS LAS PERSONAS AUTORIZADAS.<\/strong><\/p>\n","protected":false},"excerpt":{"rendered":"<p>A trav\u00e9s de este documento, que se formaliza mediante un formulario, las familias o personas tutoras legales podr\u00e1n autorizar a los y las menores a su cargo a salir del colegio al finalizar la jornada de dos formas: &#8211; SOLOS O SOLAS (a partir de 4\u00baEP) &#8211; EN COMPA\u00d1\u00cdA de una persona diferente a la &hellip; <a href=\"https:\/\/cplorenzogoicoa.educacion.navarra.es\/blogs\/tablon-de-anuncios\/autorizaciones-salida-recinto-escolar\/\" class=\"more-link\">Seguir leyendo <span class=\"screen-reader-text\">Autorizaciones salida recinto escolar<\/span> <span class=\"meta-nav\">&rarr;<\/span><\/a><\/p>\n","protected":false},"author":1,"featured_media":0,"parent":20,"menu_order":0,"comment_status":"closed","ping_status":"closed","template":"","meta":[],"_links":{"self":[{"href":"https:\/\/cplorenzogoicoa.educacion.navarra.es\/blogs\/wp-json\/wp\/v2\/pages\/10440"}],"collection":[{"href":"https:\/\/cplorenzogoicoa.educacion.navarra.es\/blogs\/wp-json\/wp\/v2\/pages"}],"about":[{"href":"https:\/\/cplorenzogoicoa.educacion.navarra.es\/blogs\/wp-json\/wp\/v2\/types\/page"}],"author":[{"embeddable":true,"href":"https:\/\/cplorenzogoicoa.educacion.navarra.es\/blogs\/wp-json\/wp\/v2\/users\/1"}],"replies":[{"embeddable":true,"href":"https:\/\/cplorenzogoicoa.educacion.navarra.es\/blogs\/wp-json\/wp\/v2\/comments?post=10440"}],"version-history":[{"count":2,"href":"https:\/\/cplorenzogoicoa.educacion.navarra.es\/blogs\/wp-json\/wp\/v2\/pages\/10440\/revisions"}],"predecessor-version":[{"id":10445,"href":"https:\/\/cplorenzogoicoa.educacion.navarra.es\/blogs\/wp-json\/wp\/v2\/pages\/10440\/revisions\/10445"}],"up":[{"embeddable":true,"href":"https:\/\/cplorenzogoicoa.educacion.navarra.es\/blogs\/wp-json\/wp\/v2\/pages\/20"}],"wp:attachment":[{"href":"https:\/\/cplorenzogoicoa.educacion.navarra.es\/blogs\/wp-json\/wp\/v2\/media?parent=10440"}],"curies":[{"name":"wp","href":"https:\/\/api.w.org\/{rel}","templated":true}]}}