{"id":243,"date":"2013-08-26T01:40:23","date_gmt":"2013-08-25T23:40:23","guid":{"rendered":"http:\/\/cplorenzogoicoa.educacion.navarra.es\/blogs\/?page_id=243"},"modified":"2024-11-20T11:18:04","modified_gmt":"2024-11-20T10:18:04","slug":"sqr","status":"publish","type":"page","link":"https:\/\/cplorenzogoicoa.educacion.navarra.es\/blogs\/tablon-de-anuncios\/sqr\/","title":{"rendered":"SQRA- Sugerencias, quejas, reclamaciones y agradecimientos."},"content":{"rendered":"<h2><\/h2>\n<div>\n<div>\n<p style=\"text-align: center;\"><strong>\u00a1Ay\u00fadanos a mejorar!<\/strong><\/p>\n<\/div>\n<\/div>\n<p>Si quieres hacer una sugerencia, queja o reclamaci\u00f3n rellena<a href=\"https:\/\/docs.google.com\/forms\/d\/e\/1FAIpQLSfEmq4OFJ_sX5lEaqR_ciUMVdxmuM0MivRWQuFVMmn5TG5wNA\/viewform\"> este formulario .\u00a0<\/a><\/p>\n<p>Nos comprometemos a responderte en el plazo m\u00e1ximo de 10 d\u00edas lectivos.<\/p>\n<p>Si estamos haciendo las cosas bien \u00a1h\u00e1znoslo saber! para que mantengamos la motivaci\u00f3n e ilusi\u00f3n en nuestra labor educativa. Para ello puedes utilizar el mismo formulario.<\/p>\n<p>Muchas gracias por contribuir a la mejora de nuestro centro educativo.<\/p>\n<div>\n<p><a href=\"https:\/\/docs.google.com\/forms\/d\/e\/1FAIpQLSfEmq4OFJ_sX5lEaqR_ciUMVdxmuM0MivRWQuFVMmn5TG5wNA\/viewform\"><img loading=\"lazy\" class=\"aligncenter wp-image-6391\" src=\"http:\/\/cplorenzogoicoa.educacion.navarra.es\/blogs\/wp-content\/uploads\/2019\/09\/1156-2015-11-20-Buz\u00f3n-300x225.jpg\" alt=\"\" width=\"160\" height=\"120\" srcset=\"https:\/\/cplorenzogoicoa.educacion.navarra.es\/blogs\/wp-content\/uploads\/2019\/09\/1156-2015-11-20-Buz\u00f3n-300x225.jpg 300w, https:\/\/cplorenzogoicoa.educacion.navarra.es\/blogs\/wp-content\/uploads\/2019\/09\/1156-2015-11-20-Buz\u00f3n-768x576.jpg 768w, https:\/\/cplorenzogoicoa.educacion.navarra.es\/blogs\/wp-content\/uploads\/2019\/09\/1156-2015-11-20-Buz\u00f3n-1024x768.jpg 1024w, https:\/\/cplorenzogoicoa.educacion.navarra.es\/blogs\/wp-content\/uploads\/2019\/09\/1156-2015-11-20-Buz\u00f3n.jpg 1592w\" sizes=\"(max-width: 160px) 100vw, 160px\" \/><\/a><\/p>\n<\/div>\n","protected":false},"excerpt":{"rendered":"<p>\u00a1Ay\u00fadanos a mejorar! Si quieres hacer una sugerencia, queja o reclamaci\u00f3n rellena este formulario .\u00a0 Nos comprometemos a responderte en el plazo m\u00e1ximo de 10 d\u00edas lectivos. Si estamos haciendo las cosas bien \u00a1h\u00e1znoslo saber! para que mantengamos la motivaci\u00f3n e ilusi\u00f3n en nuestra labor educativa. Para ello puedes utilizar el mismo formulario. Muchas gracias &hellip; <a href=\"https:\/\/cplorenzogoicoa.educacion.navarra.es\/blogs\/tablon-de-anuncios\/sqr\/\" class=\"more-link\">Seguir leyendo <span class=\"screen-reader-text\">SQRA- Sugerencias, quejas, reclamaciones y agradecimientos.<\/span> <span class=\"meta-nav\">&rarr;<\/span><\/a><\/p>\n","protected":false},"author":1,"featured_media":0,"parent":20,"menu_order":1,"comment_status":"open","ping_status":"open","template":"","meta":[],"_links":{"self":[{"href":"https:\/\/cplorenzogoicoa.educacion.navarra.es\/blogs\/wp-json\/wp\/v2\/pages\/243"}],"collection":[{"href":"https:\/\/cplorenzogoicoa.educacion.navarra.es\/blogs\/wp-json\/wp\/v2\/pages"}],"about":[{"href":"https:\/\/cplorenzogoicoa.educacion.navarra.es\/blogs\/wp-json\/wp\/v2\/types\/page"}],"author":[{"embeddable":true,"href":"https:\/\/cplorenzogoicoa.educacion.navarra.es\/blogs\/wp-json\/wp\/v2\/users\/1"}],"replies":[{"embeddable":true,"href":"https:\/\/cplorenzogoicoa.educacion.navarra.es\/blogs\/wp-json\/wp\/v2\/comments?post=243"}],"version-history":[{"count":20,"href":"https:\/\/cplorenzogoicoa.educacion.navarra.es\/blogs\/wp-json\/wp\/v2\/pages\/243\/revisions"}],"predecessor-version":[{"id":10927,"href":"https:\/\/cplorenzogoicoa.educacion.navarra.es\/blogs\/wp-json\/wp\/v2\/pages\/243\/revisions\/10927"}],"up":[{"embeddable":true,"href":"https:\/\/cplorenzogoicoa.educacion.navarra.es\/blogs\/wp-json\/wp\/v2\/pages\/20"}],"wp:attachment":[{"href":"https:\/\/cplorenzogoicoa.educacion.navarra.es\/blogs\/wp-json\/wp\/v2\/media?parent=243"}],"curies":[{"name":"wp","href":"https:\/\/api.w.org\/{rel}","templated":true}]}}