{"id":3056,"date":"2015-06-19T09:06:48","date_gmt":"2015-06-19T07:06:48","guid":{"rendered":"http:\/\/cplorenzogoicoa.educacion.navarra.es\/blogs\/?page_id=3056"},"modified":"2016-05-06T15:07:44","modified_gmt":"2016-05-06T13:07:44","slug":"e-fisica","status":"publish","type":"page","link":"https:\/\/cplorenzogoicoa.educacion.navarra.es\/blogs\/207-2\/e-fisica\/","title":{"rendered":"E.F\u00edsica"},"content":{"rendered":"<p><em><strong>6 de mayo de 2016<\/strong><\/em><\/p>\n<p>El alumnado de 1\u00ba \u00a0a 6\u00ba de E.Primaria ha querido despedir y darle las gracias a Joaqu\u00edn(alumno de pr\u00e1cticas de E.F\u00edsica) en el recreo.<a href=\"http:\/\/cplorenzogoicoa.educacion.navarra.es\/blogs\/wp-content\/uploads\/2016\/05\/1\u00ba.jpg\"><img loading=\"lazy\" class=\"alignnone wp-image-3512 size-thumbnail\" src=\"http:\/\/cplorenzogoicoa.educacion.navarra.es\/blogs\/wp-content\/uploads\/2016\/05\/1\u00ba-150x150.jpg\" alt=\"1\u00ba\" width=\"150\" height=\"150\" \/><\/a> <a href=\"http:\/\/cplorenzogoicoa.educacion.navarra.es\/blogs\/wp-content\/uploads\/2016\/05\/2\u00ba.jpg\"><img loading=\"lazy\" class=\"alignnone wp-image-3513 size-thumbnail\" src=\"http:\/\/cplorenzogoicoa.educacion.navarra.es\/blogs\/wp-content\/uploads\/2016\/05\/2\u00ba-150x150.jpg\" alt=\"2\u00ba\" width=\"150\" height=\"150\" \/><\/a> <a href=\"http:\/\/cplorenzogoicoa.educacion.navarra.es\/blogs\/wp-content\/uploads\/2016\/05\/3\u00ba.jpg\"><img loading=\"lazy\" class=\"alignnone wp-image-3514 size-thumbnail\" src=\"http:\/\/cplorenzogoicoa.educacion.navarra.es\/blogs\/wp-content\/uploads\/2016\/05\/3\u00ba-150x150.jpg\" alt=\"3\u00ba\" width=\"150\" height=\"150\" \/><\/a> <a href=\"http:\/\/cplorenzogoicoa.educacion.navarra.es\/blogs\/wp-content\/uploads\/2016\/05\/4\u00ba.jpg\"><img loading=\"lazy\" class=\"alignnone wp-image-3515 size-thumbnail\" src=\"http:\/\/cplorenzogoicoa.educacion.navarra.es\/blogs\/wp-content\/uploads\/2016\/05\/4\u00ba-150x150.jpg\" alt=\"4\u00ba\" width=\"150\" height=\"150\" \/><\/a> <a href=\"http:\/\/cplorenzogoicoa.educacion.navarra.es\/blogs\/wp-content\/uploads\/2016\/05\/5\u00ba.jpg\"><img loading=\"lazy\" class=\"alignnone wp-image-3516 size-thumbnail\" src=\"http:\/\/cplorenzogoicoa.educacion.navarra.es\/blogs\/wp-content\/uploads\/2016\/05\/5\u00ba-150x150.jpg\" alt=\"5\u00ba\" width=\"150\" height=\"150\" \/><\/a> <a href=\"http:\/\/cplorenzogoicoa.educacion.navarra.es\/blogs\/wp-content\/uploads\/2016\/05\/6\u00ba.jpg\"><img loading=\"lazy\" class=\"alignnone wp-image-3517 size-thumbnail\" src=\"http:\/\/cplorenzogoicoa.educacion.navarra.es\/blogs\/wp-content\/uploads\/2016\/05\/6\u00ba-150x150.jpg\" alt=\"6\u00ba\" width=\"150\" height=\"150\" \/><\/a><\/p>\n<p>&nbsp;<\/p>\n<p><strong>ACROSPORT 5\u00ba y 6\u00ba E.PRIMARIA, 21 de marzo de 2016<\/strong><\/p>\n<p><a href=\"https:\/\/picasaweb.google.com\/109184809070055327206\/5EPAcrosport?authkey=Gv1sRgCJ20_eaJ6qjKbQ#6264451539321030066\" target=\"_blank\"><img loading=\"lazy\" class=\"alignnone size-thumbnail wp-image-3359\" src=\"http:\/\/cplorenzogoicoa.educacion.navarra.es\/blogs\/wp-content\/uploads\/2015\/06\/acrobacias002-150x150.jpg\" alt=\"acrobacias002\" width=\"150\" height=\"150\" \/><\/a><\/p>\n<p><a href=\"https:\/\/picasaweb.google.com\/109184809070055327206\/21DeMarzoDe201603?authkey=Gv1sRgCKLOso3eqcXlyQE#6264457177417378610\" target=\"_blank\"><img loading=\"lazy\" class=\"alignnone size-thumbnail wp-image-3360\" src=\"http:\/\/cplorenzogoicoa.educacion.navarra.es\/blogs\/wp-content\/uploads\/2015\/06\/Acrosport6\u00ba-150x150.jpg\" alt=\"Acrosport6\u00ba\" width=\"150\" height=\"150\" \/><\/a><\/p>\n<p>&nbsp;<\/p>\n<p>Montaje \u00a0que ha elaborado <strong>Javier S\u00e1nchez<\/strong>, profesor de E.F\u00edsica, sobre la convivencia en la nieve con el alumnado de 6\u00ba curso de Educaci\u00f3n Primaria. Del 1 al 6 de marzo de 2015.<\/p>\n<p><a href=\"https:\/\/picasaweb.google.com\/109184809070055327206\/19DeJunioDe2015?authkey=Gv1sRgCJCNt6PYpM_39AE#6161973256153277282\" target=\"_blank\"><img loading=\"lazy\" class=\"alignnone size-thumbnail wp-image-3057\" src=\"http:\/\/cplorenzogoicoa.educacion.navarra.es\/blogs\/wp-content\/uploads\/2015\/06\/dia-de-nieve-7158-150x150.jpg\" alt=\"dia-de-nieve-7158\" width=\"150\" height=\"150\" \/><\/a><\/p>\n<p>Visita de Mateo Garralda, al alumnado de 4\u00ba, 5\u00ba y 6\u00ba de E.Primaria. 29\/02\/2016<\/p>\n<p><a href=\"http:\/\/cplorenzogoicoa.educacion.navarra.es\/blogs\/wp-content\/uploads\/2016\/02\/DSC_0022-1.jpg\"><img loading=\"lazy\" class=\"alignnone size-medium wp-image-3312\" src=\"http:\/\/cplorenzogoicoa.educacion.navarra.es\/blogs\/wp-content\/uploads\/2016\/02\/DSC_0022-1-300x200.jpg\" alt=\"DSC_0022\" width=\"300\" height=\"200\" srcset=\"https:\/\/cplorenzogoicoa.educacion.navarra.es\/blogs\/wp-content\/uploads\/2016\/02\/DSC_0022-1-300x200.jpg 300w, https:\/\/cplorenzogoicoa.educacion.navarra.es\/blogs\/wp-content\/uploads\/2016\/02\/DSC_0022-1.jpg 480w\" sizes=\"(max-width: 300px) 100vw, 300px\" \/><\/a><\/p>\n<p>&nbsp;<\/p>\n","protected":false},"excerpt":{"rendered":"<p>6 de mayo de 2016 El alumnado de 1\u00ba \u00a0a 6\u00ba de E.Primaria ha querido despedir y darle las gracias a Joaqu\u00edn(alumno de pr\u00e1cticas de E.F\u00edsica) en el recreo. &nbsp; ACROSPORT 5\u00ba y 6\u00ba E.PRIMARIA, 21 de marzo de 2016 &nbsp; Montaje \u00a0que ha elaborado Javier S\u00e1nchez, profesor de E.F\u00edsica, sobre la convivencia en la &hellip; <a href=\"https:\/\/cplorenzogoicoa.educacion.navarra.es\/blogs\/207-2\/e-fisica\/\" class=\"more-link\">Seguir leyendo <span class=\"screen-reader-text\">E.F\u00edsica<\/span> <span class=\"meta-nav\">&rarr;<\/span><\/a><\/p>\n","protected":false},"author":1,"featured_media":0,"parent":207,"menu_order":0,"comment_status":"open","ping_status":"open","template":"","meta":[],"_links":{"self":[{"href":"https:\/\/cplorenzogoicoa.educacion.navarra.es\/blogs\/wp-json\/wp\/v2\/pages\/3056"}],"collection":[{"href":"https:\/\/cplorenzogoicoa.educacion.navarra.es\/blogs\/wp-json\/wp\/v2\/pages"}],"about":[{"href":"https:\/\/cplorenzogoicoa.educacion.navarra.es\/blogs\/wp-json\/wp\/v2\/types\/page"}],"author":[{"embeddable":true,"href":"https:\/\/cplorenzogoicoa.educacion.navarra.es\/blogs\/wp-json\/wp\/v2\/users\/1"}],"replies":[{"embeddable":true,"href":"https:\/\/cplorenzogoicoa.educacion.navarra.es\/blogs\/wp-json\/wp\/v2\/comments?post=3056"}],"version-history":[{"count":6,"href":"https:\/\/cplorenzogoicoa.educacion.navarra.es\/blogs\/wp-json\/wp\/v2\/pages\/3056\/revisions"}],"predecessor-version":[{"id":3518,"href":"https:\/\/cplorenzogoicoa.educacion.navarra.es\/blogs\/wp-json\/wp\/v2\/pages\/3056\/revisions\/3518"}],"up":[{"embeddable":true,"href":"https:\/\/cplorenzogoicoa.educacion.navarra.es\/blogs\/wp-json\/wp\/v2\/pages\/207"}],"wp:attachment":[{"href":"https:\/\/cplorenzogoicoa.educacion.navarra.es\/blogs\/wp-json\/wp\/v2\/media?parent=3056"}],"curies":[{"name":"wp","href":"https:\/\/api.w.org\/{rel}","templated":true}]}}