{"id":4952,"date":"2017-09-08T10:41:13","date_gmt":"2017-09-08T08:41:13","guid":{"rendered":"http:\/\/cplorenzogoicoa.educacion.navarra.es\/blogs\/?page_id=4952"},"modified":"2023-03-07T16:13:11","modified_gmt":"2023-03-07T15:13:11","slug":"mvv-carta-de-servicios-y-compromisos-e-indicadores","status":"publish","type":"page","link":"https:\/\/cplorenzogoicoa.educacion.navarra.es\/blogs\/mvv-carta-de-servicios-y-compromisos-e-indicadores\/","title":{"rendered":"Misi\u00f3n Visi\u00f3n y Valores  y Oferta Educativa"},"content":{"rendered":"<ul>\n<li><strong>\u00a0La<a href=\"https:\/\/drive.google.com\/file\/d\/1K3EXAk0Z_zGKney1jlq25uaikD_Eq6AE\/view?usp=sharing\"> Misi\u00f3n, Visi\u00f3n y Valores<\/a><\/strong> refleja los objetivos principales del colegio.<\/li>\n<\/ul>\n<ul>\n<li>\u00a0La <strong>Carta de Servicios<\/strong>\u00a0del colegio recoge: qui\u00e9nes somos, qu\u00e9 pretendemos, qu\u00e9 servicios ofertamos y los compromisos que adquirimos con las familias.<a title=\"kadinet\" href=\"http:\/\/kadinet.educacion.navarra.es\/carta_servicios\/web\/centro\/22\/show\" target=\"_blank\" rel=\"noopener noreferrer\"><img loading=\"lazy\" class=\" alignnone\" src=\"http:\/\/kadinet.educacion.navarra.es\/carta_servicios\/web\/images\/boton_cas.png\" alt=\"Carta de Servicios\" width=\"219\" height=\"50\" \/><\/a><\/li>\n<\/ul>\n\n\n<h2 class=\"has-green-color has-text-color\"><strong>Educaci\u00f3n Infantil:<\/strong><\/h2>\n\n\n\n<p><strong>&nbsp;Curso: 3, 4 y 5 a\u00f1os.<\/strong><\/p>\n\n\n\n<p><strong>Programa British <\/strong><\/p>\n\n\n\n<ul><li><strong>Concierto      entre el MEC y el British Council<\/strong><\/li><li><strong>Ense\u00f1anza      biling\u00fce en castellano e ingl\u00e9s<\/strong><\/li><li><strong>Flexibilidad      de horario y \u00e1reas<\/strong><\/li><li><strong>Tutor\/a      en castellano + cotutor\/a en ingl\u00e9s<\/strong> <strong>(Nivel C1) <\/strong><\/li><\/ul>\n\n\n\n<ul><li> <strong>Responsable para coordinar el programa<\/strong> <\/li><\/ul>\n\n\n\n<h2 class=\"has-green-color has-text-color\"><strong>Educaci\u00f3n Primaria:<\/strong><\/h2>\n\n\n\n<p><strong>Curso: 1\u00ba, 2\u00ba, 3\u00ba, 4\u00ba, 5\u00ba y 6\u00ba.<\/strong><\/p>\n\n\n\n<p><strong>Programa  British <\/strong><\/p>\n\n\n\n<ul><li><strong>Concierto      entre el MEC y el British Council<\/strong><\/li><li><strong>Ense\u00f1anza      biling\u00fce en castellano e ingl\u00e9s<\/strong><\/li><li><strong>Flexibilidad      de horario y \u00e1reas<\/strong><\/li><li><strong>Tutor\/a      en castellano + cotutor\/a en ingl\u00e9s<\/strong> <strong>(Nivel C1)  <\/strong><\/li><\/ul>\n\n\n\n<ul><li><strong>Responsable para coordinar el programa<\/strong><\/li><\/ul>\n\n\n\n<p class=\"has-green-color has-text-color has-medium-font-size\"><strong>Especificaciones<\/strong><\/p>\n","protected":false},"excerpt":{"rendered":"<p>\u00a0La Misi\u00f3n, Visi\u00f3n y Valores refleja los objetivos principales del colegio. \u00a0La Carta de Servicios\u00a0del colegio recoge: qui\u00e9nes somos, qu\u00e9 pretendemos, qu\u00e9 servicios ofertamos y los compromisos que adquirimos con las familias. Educaci\u00f3n Infantil: &nbsp;Curso: 3, 4 y 5 a\u00f1os. Programa British Concierto entre el MEC y el British Council Ense\u00f1anza biling\u00fce en castellano e &hellip; <a href=\"https:\/\/cplorenzogoicoa.educacion.navarra.es\/blogs\/mvv-carta-de-servicios-y-compromisos-e-indicadores\/\" class=\"more-link\">Seguir leyendo <span class=\"screen-reader-text\">Misi\u00f3n Visi\u00f3n y Valores  y Oferta Educativa<\/span> <span class=\"meta-nav\">&rarr;<\/span><\/a><\/p>\n","protected":false},"author":1,"featured_media":0,"parent":0,"menu_order":0,"comment_status":"closed","ping_status":"closed","template":"","meta":[],"_links":{"self":[{"href":"https:\/\/cplorenzogoicoa.educacion.navarra.es\/blogs\/wp-json\/wp\/v2\/pages\/4952"}],"collection":[{"href":"https:\/\/cplorenzogoicoa.educacion.navarra.es\/blogs\/wp-json\/wp\/v2\/pages"}],"about":[{"href":"https:\/\/cplorenzogoicoa.educacion.navarra.es\/blogs\/wp-json\/wp\/v2\/types\/page"}],"author":[{"embeddable":true,"href":"https:\/\/cplorenzogoicoa.educacion.navarra.es\/blogs\/wp-json\/wp\/v2\/users\/1"}],"replies":[{"embeddable":true,"href":"https:\/\/cplorenzogoicoa.educacion.navarra.es\/blogs\/wp-json\/wp\/v2\/comments?post=4952"}],"version-history":[{"count":11,"href":"https:\/\/cplorenzogoicoa.educacion.navarra.es\/blogs\/wp-json\/wp\/v2\/pages\/4952\/revisions"}],"predecessor-version":[{"id":10148,"href":"https:\/\/cplorenzogoicoa.educacion.navarra.es\/blogs\/wp-json\/wp\/v2\/pages\/4952\/revisions\/10148"}],"wp:attachment":[{"href":"https:\/\/cplorenzogoicoa.educacion.navarra.es\/blogs\/wp-json\/wp\/v2\/media?parent=4952"}],"curies":[{"name":"wp","href":"https:\/\/api.w.org\/{rel}","templated":true}]}}