{"id":8402,"date":"2021-02-24T14:51:00","date_gmt":"2021-02-24T13:51:00","guid":{"rendered":"https:\/\/cplorenzogoicoa.educacion.navarra.es\/blogs\/?page_id=8402"},"modified":"2026-04-01T09:47:06","modified_gmt":"2026-04-01T07:47:06","slug":"comedor-2","status":"publish","type":"page","link":"https:\/\/cplorenzogoicoa.educacion.navarra.es\/blogs\/comedor-2\/","title":{"rendered":"COMEDOR"},"content":{"rendered":"\n<p><\/p>\n\n\n\n<figure class=\"wp-block-image size-large is-resized\"><a href=\"https:\/\/cplorenzogoicoa.educacion.navarra.es\/blogs\/wp-content\/uploads\/2021\/02\/comedorescolarl.jpg\"><img loading=\"lazy\" src=\"https:\/\/cplorenzogoicoa.educacion.navarra.es\/blogs\/wp-content\/uploads\/2021\/02\/comedorescolarl-1024x234.jpg\" alt=\"\" class=\"wp-image-8406\" width=\"542\" height=\"123\" srcset=\"https:\/\/cplorenzogoicoa.educacion.navarra.es\/blogs\/wp-content\/uploads\/2021\/02\/comedorescolarl-1024x234.jpg 1024w, https:\/\/cplorenzogoicoa.educacion.navarra.es\/blogs\/wp-content\/uploads\/2021\/02\/comedorescolarl-300x68.jpg 300w, https:\/\/cplorenzogoicoa.educacion.navarra.es\/blogs\/wp-content\/uploads\/2021\/02\/comedorescolarl-768x175.jpg 768w, https:\/\/cplorenzogoicoa.educacion.navarra.es\/blogs\/wp-content\/uploads\/2021\/02\/comedorescolarl-1536x350.jpg 1536w, https:\/\/cplorenzogoicoa.educacion.navarra.es\/blogs\/wp-content\/uploads\/2021\/02\/comedorescolarl.jpg 1911w\" sizes=\"(max-width: 542px) 100vw, 542px\" \/><\/a><\/figure>\n\n\n\n<p>CONSULTAR MEN\u00da MENSUAL:<\/p>\n\n\n\n<p>Haciendo \u00abCLIC\u00bb en la palabra \u00abMEN\u00da o MEN\u00da CELIACOS E INTOLERANCIAS\u00bb se pueden  consultar los men\u00fas mensuales del mes de septiembre del come<\/p>\n\n\n\n<p class=\"has-text-align-center\"><\/p>\n\n\n\n<p>                                         <\/p>\n\n\n\n<p>                                                 <\/p>\n\n\n\n<p><\/p>\n\n\n\n<p><\/p>\n\n\n\n<p>                                    NEW&#8230; <a href=\"https:\/\/drive.google.com\/file\/d\/1oIxei3w1BCZfIYinzM6EPr3Y3klqSHYG\/view?usp=sharing\">MEN\u00da DE ABRIL E INTOLERANCIAS<\/a><\/p>\n\n\n\n<p>                 <\/p>\n\n\n\n<p>                                             <\/p>\n\n\n\n<p>              <\/p>\n\n\n\n<p class=\"has-text-align-center has-green-color has-text-color\"><\/p>\n\n\n\n<p>Tenemos empresa nueva de comedor que se llama <strong>Aramark<\/strong>.<\/p>\n\n\n\n<p>En la p\u00e1gina <a rel=\"noreferrer noopener\" href=\"https:\/\/www.elgustodecrecer.es\/\" target=\"_blank\">\u00abel gusto de crecer\u00bb<\/a> deb\u00e9is daros de alta como usuarios para poder consultar los men\u00fas . <strong>(estamos a la espera de que la empresa nos incluya en los listados de centros de su aplicaci\u00f3n)<\/strong><\/p>\n\n\n\n<p>Para dar de baja a un comensal, \u00fanicamente se tendr\u00e1 en cuenta si el aviso es realizado de <strong>8:30 a 9:00h<\/strong> por tel\u00e9fono al centro <strong>948 382490<\/strong>.<\/p>\n","protected":false},"excerpt":{"rendered":"<p>CONSULTAR MEN\u00da MENSUAL: Haciendo \u00abCLIC\u00bb en la palabra \u00abMEN\u00da o MEN\u00da CELIACOS E INTOLERANCIAS\u00bb se pueden consultar los men\u00fas mensuales del mes de septiembre del come NEW&#8230; MEN\u00da DE ABRIL E INTOLERANCIAS Tenemos empresa nueva de comedor que se llama Aramark. En la p\u00e1gina \u00abel gusto de crecer\u00bb deb\u00e9is daros de alta como usuarios para &hellip; <a href=\"https:\/\/cplorenzogoicoa.educacion.navarra.es\/blogs\/comedor-2\/\" class=\"more-link\">Seguir leyendo <span class=\"screen-reader-text\">COMEDOR<\/span> <span class=\"meta-nav\">&rarr;<\/span><\/a><\/p>\n","protected":false},"author":1,"featured_media":0,"parent":0,"menu_order":0,"comment_status":"closed","ping_status":"closed","template":"","meta":[],"_links":{"self":[{"href":"https:\/\/cplorenzogoicoa.educacion.navarra.es\/blogs\/wp-json\/wp\/v2\/pages\/8402"}],"collection":[{"href":"https:\/\/cplorenzogoicoa.educacion.navarra.es\/blogs\/wp-json\/wp\/v2\/pages"}],"about":[{"href":"https:\/\/cplorenzogoicoa.educacion.navarra.es\/blogs\/wp-json\/wp\/v2\/types\/page"}],"author":[{"embeddable":true,"href":"https:\/\/cplorenzogoicoa.educacion.navarra.es\/blogs\/wp-json\/wp\/v2\/users\/1"}],"replies":[{"embeddable":true,"href":"https:\/\/cplorenzogoicoa.educacion.navarra.es\/blogs\/wp-json\/wp\/v2\/comments?post=8402"}],"version-history":[{"count":33,"href":"https:\/\/cplorenzogoicoa.educacion.navarra.es\/blogs\/wp-json\/wp\/v2\/pages\/8402\/revisions"}],"predecessor-version":[{"id":12366,"href":"https:\/\/cplorenzogoicoa.educacion.navarra.es\/blogs\/wp-json\/wp\/v2\/pages\/8402\/revisions\/12366"}],"wp:attachment":[{"href":"https:\/\/cplorenzogoicoa.educacion.navarra.es\/blogs\/wp-json\/wp\/v2\/media?parent=8402"}],"curies":[{"name":"wp","href":"https:\/\/api.w.org\/{rel}","templated":true}]}}